{"id":415,"date":"2024-02-10T16:06:18","date_gmt":"2024-02-10T15:06:18","guid":{"rendered":"https:\/\/iseramat.org\/?page_id=415"},"modified":"2024-06-22T08:21:37","modified_gmt":"2024-06-22T06:21:37","slug":"salon-2024-2","status":"publish","type":"page","link":"http:\/\/iseramat.org\/?page_id=415","title":{"rendered":"Salon 2024"},"content":{"rendered":"\n<h1 class=\"wp-block-heading has-text-color has-link-color has-x-large-font-size wp-elements-93885a0e8ff89cd7fe7a16e5ea2aea68\" style=\"color:#7c8764\">ISERAMAT 2024, c&rsquo;est le 22 juin \u00e0 Tullins<\/h1>\n\n\n\n<h3 class=\"wp-block-heading has-text-align-center has-vivid-cyan-blue-color has-text-color has-link-color has-large-font-size wp-elements-4f581356543ff0d32dfaaf388d8f2979\">Exposants : l<strong>e salon est complet<\/strong><\/h3>\n\n\n\n<h2 class=\"wp-block-heading\">Pour venir nous voir<\/h2>\n\n\n\n<ul class=\"wp-block-list\">\n<li>Coordonn\u00e9es GPS&nbsp;: 45\u00b018\u201929&Prime;N \u2013 5\u00b029\u201954&Prime;E<\/li>\n\n\n\n<li>Par la route&nbsp;:\n<ul class=\"wp-block-list\">\n<li>Depuis l\u2019autoroute A49 sortie n\u00b011 Saint Quentin \u2013 Tullins<\/li>\n\n\n\n<li>Depuis les RN 92 et 532<\/li>\n\n\n\n<li>Un fl\u00e9chage est mis en place depuis les entr\u00e9es de la ville jusqu\u2019\u00e0 la salle des f\u00eates<\/li>\n<\/ul>\n<\/li>\n\n\n\n<li>Avec le train\n<ul class=\"wp-block-list\">\n<li>Gare de Tullins \u2013 Fures puis 15 minutes \u00e0 pied<\/li>\n<\/ul>\n<\/li>\n<\/ul>\n\n\n<div class=\"wp-block-image\">\n<figure class=\"aligncenter size-full\"><img loading=\"lazy\" decoding=\"async\" width=\"600\" height=\"395\" src=\"http:\/\/iseramat.org\/wp-content\/uploads\/2022\/12\/planr.png\" alt=\"\" class=\"wp-image-169\" srcset=\"http:\/\/iseramat.org\/wp-content\/uploads\/2022\/12\/planr.png 600w, http:\/\/iseramat.org\/wp-content\/uploads\/2022\/12\/planr-300x198.png 300w\" sizes=\"auto, (max-width: 600px) 100vw, 600px\" \/><\/figure>\n<\/div>\n\n\n<h2 class=\"wp-block-heading\">Horaires<\/h2>\n\n\n\n<div class=\"wp-block-group\"><div class=\"wp-block-group__inner-container is-layout-constrained wp-block-group-is-layout-constrained\">\n<p class=\"has-black-color has-text-color\">Notre salon se d\u00e9roulera de 9h00 \u00e0 18h00<\/p>\n<\/div><\/div>\n\n\n\n<h2 class=\"wp-block-heading\">Tarifs<\/h2>\n\n\n\n<p class=\"has-black-color has-text-color\">Entr\u00e9e : 4\u20ac<br>Gratuit\u00e9 pour les mineurs, les indicativ\u00e9s de l\u2019ann\u00e9e et \u00e0 convenance pour les YL<\/p>\n\n\n\n<h2 class=\"wp-block-heading\">Infos divers<\/h2>\n\n\n\n<ul class=\"wp-block-list\">\n<li>Parking disponible attenant \u00e0 la salle<\/li>\n\n\n\n<li>Restauration et bar sur place\n<ul class=\"wp-block-list\">\n<li>Petit d\u00e9jeuner (croissant caf\u00e9)<\/li>\n\n\n\n<li>Plateau repas<\/li>\n\n\n\n<li>Saucisse frites<\/li>\n\n\n\n<li>Hot dog<\/li>\n\n\n\n<li>Sandwich<\/li>\n<\/ul>\n<\/li>\n<\/ul>\n","protected":false},"excerpt":{"rendered":"<p>ISERAMAT 2024, c&rsquo;est le 22 juin \u00e0 Tullins Exposants : le salon est complet Pour venir nous voir Horaires Notre salon se d\u00e9roulera de 9h00 \u00e0 18h00 Tarifs Entr\u00e9e : [&hellip;]<\/p>\n","protected":false},"author":2,"featured_media":0,"parent":0,"menu_order":3,"comment_status":"closed","ping_status":"closed","template":"template-fullwidth.php","meta":{"ngg_post_thumbnail":0,"footnotes":""},"class_list":["post-415","page","type-page","status-publish","hentry"],"_links":{"self":[{"href":"http:\/\/iseramat.org\/index.php?rest_route=\/wp\/v2\/pages\/415","targetHints":{"allow":["GET"]}}],"collection":[{"href":"http:\/\/iseramat.org\/index.php?rest_route=\/wp\/v2\/pages"}],"about":[{"href":"http:\/\/iseramat.org\/index.php?rest_route=\/wp\/v2\/types\/page"}],"author":[{"embeddable":true,"href":"http:\/\/iseramat.org\/index.php?rest_route=\/wp\/v2\/users\/2"}],"replies":[{"embeddable":true,"href":"http:\/\/iseramat.org\/index.php?rest_route=%2Fwp%2Fv2%2Fcomments&post=415"}],"version-history":[{"count":5,"href":"http:\/\/iseramat.org\/index.php?rest_route=\/wp\/v2\/pages\/415\/revisions"}],"predecessor-version":[{"id":467,"href":"http:\/\/iseramat.org\/index.php?rest_route=\/wp\/v2\/pages\/415\/revisions\/467"}],"wp:attachment":[{"href":"http:\/\/iseramat.org\/index.php?rest_route=%2Fwp%2Fv2%2Fmedia&parent=415"}],"curies":[{"name":"wp","href":"https:\/\/api.w.org\/{rel}","templated":true}]}}