{"id":135,"date":"2022-12-18T19:09:56","date_gmt":"2022-12-18T18:09:56","guid":{"rendered":"http:\/\/iseramat.org\/wp\/?page_id=135"},"modified":"2023-12-02T11:37:25","modified_gmt":"2023-12-02T10:37:25","slug":"salon","status":"publish","type":"page","link":"https:\/\/iseramat.org\/?page_id=135","title":{"rendered":"Salon 2023"},"content":{"rendered":"\n<p class=\"has-text-align-center has-white-color has-cyan-bluish-gray-background-color has-text-color has-background has-medium-font-size\"><strong>Le salon ISERAMAT est complet<\/strong><\/p>\n\n\n\n<h2 class=\"wp-block-heading\">Exposants<\/h2>\n\n\n<div class=\"wp-block-image\">\n<figure class=\"aligncenter size-full\"><img loading=\"lazy\" decoding=\"async\" width=\"600\" height=\"822\" src=\"http:\/\/iseramat.org\/wp-content\/uploads\/2023\/05\/exposants.png\" alt=\"\" class=\"wp-image-349\" srcset=\"https:\/\/iseramat.org\/wp-content\/uploads\/2023\/05\/exposants.png 600w, https:\/\/iseramat.org\/wp-content\/uploads\/2023\/05\/exposants-219x300.png 219w\" sizes=\"auto, (max-width: 600px) 100vw, 600px\" \/><\/figure>\n<\/div>\n\n\n<p class=\"has-black-color has-text-color\">&#8230; et nos brocanteurs<\/p>\n\n\n\n<h2 class=\"wp-block-heading\">Les conf\u00e9rences<\/h2>\n\n\n\n<ul class=\"wp-block-list\">\n<li>ADRASEC et le syst\u00e8me Nicolas <em>par F1OVB<\/em><\/li>\n\n\n\n<li>YOTA <em>par F4JBS<\/em><\/li>\n\n\n\n<li>Outil d&rsquo;aide \u00e0 la pr\u00e9paration \u00e0 la licence <em>par F6DVC<\/em> <\/li>\n<\/ul>\n\n\n\n<h2 class=\"wp-block-heading\">Pour venir nous voir<\/h2>\n\n\n\n<ul class=\"wp-block-list\">\n<li>Coordonn\u00e9es GPS&nbsp;: 45\u00b018\u201929&Prime;N \u2013 5\u00b029\u201954&Prime;E<\/li>\n\n\n\n<li>Par la route&nbsp;:\n<ul class=\"wp-block-list\">\n<li>Depuis l\u2019autoroute A49 sortie n\u00b011 Saint Quentin \u2013 Tullins<\/li>\n\n\n\n<li>Depuis les RN 92 et 532<\/li>\n\n\n\n<li>Un fl\u00e9chage est mis en place depuis les entr\u00e9es de la ville jusqu\u2019\u00e0 la salle des f\u00eates<\/li>\n<\/ul>\n<\/li>\n\n\n\n<li>Avec le train\n<ul class=\"wp-block-list\">\n<li>Gare de Tullins \u2013 Fures puis 15 minutes \u00e0 pied<\/li>\n<\/ul>\n<\/li>\n<\/ul>\n\n\n<div class=\"wp-block-image\">\n<figure class=\"aligncenter size-full\"><img loading=\"lazy\" decoding=\"async\" width=\"600\" height=\"395\" src=\"http:\/\/iseramat.org\/wp-content\/uploads\/2022\/12\/planr.png\" alt=\"\" class=\"wp-image-169\" srcset=\"https:\/\/iseramat.org\/wp-content\/uploads\/2022\/12\/planr.png 600w, https:\/\/iseramat.org\/wp-content\/uploads\/2022\/12\/planr-300x198.png 300w\" sizes=\"auto, (max-width: 600px) 100vw, 600px\" \/><\/figure>\n<\/div>\n\n\n<h2 class=\"wp-block-heading\">Horaires<\/h2>\n\n\n\n<div class=\"wp-block-group\"><div class=\"wp-block-group__inner-container is-layout-constrained wp-block-group-is-layout-constrained\">\n<p class=\"has-black-color has-text-color\">Notre salon se d\u00e9roulera de 9h00 \u00e0 18h00<\/p>\n<\/div><\/div>\n\n\n\n<h2 class=\"wp-block-heading\">Tarifs<\/h2>\n\n\n\n<p class=\"has-black-color has-text-color\">Entr\u00e9e : 4\u20ac<br>Gratuit\u00e9 pour les mineurs, les indicativ\u00e9s de l\u2019ann\u00e9e et \u00e0 convenance pour les YL<\/p>\n\n\n\n<h2 class=\"wp-block-heading\">Infos divers<\/h2>\n\n\n\n<ul class=\"wp-block-list\">\n<li>Parking disponible attenant \u00e0 la salle<\/li>\n\n\n\n<li>Restauration et bar sur place\n<ul class=\"wp-block-list\">\n<li>Petit d\u00e9jeuner (croissant caf\u00e9)<\/li>\n\n\n\n<li>Plateau repas : <em>Mac\u00e9doine &#8211; Poulet Frites &#8211; Fromage &#8211; Dessert &#8211; Boisson au choix<\/em><\/li>\n\n\n\n<li>Saucisse frites<\/li>\n\n\n\n<li>Hot dog<\/li>\n\n\n\n<li>Sandwich<\/li>\n<\/ul>\n<\/li>\n<\/ul>\n","protected":false},"excerpt":{"rendered":"<p>Le salon ISERAMAT est complet Exposants &#8230; et nos brocanteurs Les conf\u00e9rences Pour venir nous voir Horaires Notre salon se d\u00e9roulera de 9h00 \u00e0 18h00 Tarifs Entr\u00e9e : 4\u20acGratuit\u00e9 pour [&hellip;]<\/p>\n","protected":false},"author":2,"featured_media":0,"parent":0,"menu_order":3,"comment_status":"closed","ping_status":"closed","template":"template-fullwidth.php","meta":{"ngg_post_thumbnail":0,"footnotes":""},"class_list":["post-135","page","type-page","status-publish","hentry"],"_links":{"self":[{"href":"https:\/\/iseramat.org\/index.php?rest_route=\/wp\/v2\/pages\/135","targetHints":{"allow":["GET"]}}],"collection":[{"href":"https:\/\/iseramat.org\/index.php?rest_route=\/wp\/v2\/pages"}],"about":[{"href":"https:\/\/iseramat.org\/index.php?rest_route=\/wp\/v2\/types\/page"}],"author":[{"embeddable":true,"href":"https:\/\/iseramat.org\/index.php?rest_route=\/wp\/v2\/users\/2"}],"replies":[{"embeddable":true,"href":"https:\/\/iseramat.org\/index.php?rest_route=%2Fwp%2Fv2%2Fcomments&post=135"}],"version-history":[{"count":31,"href":"https:\/\/iseramat.org\/index.php?rest_route=\/wp\/v2\/pages\/135\/revisions"}],"predecessor-version":[{"id":408,"href":"https:\/\/iseramat.org\/index.php?rest_route=\/wp\/v2\/pages\/135\/revisions\/408"}],"wp:attachment":[{"href":"https:\/\/iseramat.org\/index.php?rest_route=%2Fwp%2Fv2%2Fmedia&parent=135"}],"curies":[{"name":"wp","href":"https:\/\/api.w.org\/{rel}","templated":true}]}}