{"id":152,"date":"2022-12-19T18:08:33","date_gmt":"2022-12-19T17:08:33","guid":{"rendered":"http:\/\/iseramat.org\/wp\/?page_id=152"},"modified":"2025-10-14T18:14:03","modified_gmt":"2025-10-14T16:14:03","slug":"relais-link","status":"publish","type":"page","link":"https:\/\/iseramat.org\/?page_id=152","title":{"rendered":"Installations"},"content":{"rendered":"\n<h2 class=\"wp-block-heading\">Relais F1ZJJ<\/h2>\n\n\n\n<p class=\"has-luminous-vivid-orange-color has-text-color has-link-color has-medium-font-size wp-elements-092f6405da87ad9af3e491c9d9e7591e\" style=\"font-style:normal;font-weight:600\">Le relais F1ZJJ est provisoirement hors service<\/p>\n\n\n\n<strong>F1ZJJ&nbsp;<\/strong>relais num\u00e9rique multi-mode<br>\nFr\u00e9quence de sortie : 430,0875 Mhz<br>\nFr\u00e9quence d&rsquo;entr\u00e9e : 439,4875 Mhz<br>\nSituation g\u00e9ographique : Saint Jean de Moirans<br>\nCoordonn\u00e9es GPS : 45\u00b020&rsquo;52.4&Prime;N &#8211; 5\u00b035&rsquo;31.5&Prime;E \/ 45.347888\u00b0, 5.592083\u00b0<br>\nAltitude : 300 m<br>\nPuissance : 20 w<br>\nCC : 1\n\n\n<div class=\"wp-block-image\">\n<figure class=\"aligncenter size-full\"><img loading=\"lazy\" decoding=\"async\" width=\"800\" height=\"738\" src=\"http:\/\/iseramat.org\/wp-content\/uploads\/2022\/12\/F1ZJJ_couv.png\" alt=\"\" class=\"wp-image-211\" srcset=\"https:\/\/iseramat.org\/wp-content\/uploads\/2022\/12\/F1ZJJ_couv.png 800w, https:\/\/iseramat.org\/wp-content\/uploads\/2022\/12\/F1ZJJ_couv-300x277.png 300w, https:\/\/iseramat.org\/wp-content\/uploads\/2022\/12\/F1ZJJ_couv-768x708.png 768w\" sizes=\"auto, (max-width: 800px) 100vw, 800px\" \/><figcaption class=\"wp-element-caption\"><strong>Carte de couverture<\/strong>&nbsp;(simulation&nbsp;<a href=\"https:\/\/www.ve2dbe.com\">www.ve2dbe.com<\/a>&nbsp;)<\/figcaption><\/figure>\n<\/div>\n\n\n<h2 class=\"wp-block-heading\">Link SVXLINK<\/h2>\n\n\n\n<p><strong>Carat\u00e9ristique du link<\/strong><br>Par d\u00e9faut sur le r\u00e9seau RI49<br>Acc\u00e8s au RRF par DTMF<br>Fr\u00e9quence simplex :\u00a0145.3625 MHz<br>CTCSS : 123 Hz<br>Emetteur : Yaesu FT-7800<br>Puissance : 10w<\/p>\n\n\n<div class=\"wp-block-image\">\n<figure class=\"aligncenter size-full\"><img loading=\"lazy\" decoding=\"async\" width=\"800\" height=\"445\" src=\"http:\/\/iseramat.org\/wp-content\/uploads\/2022\/12\/F6KJJ_RRF_couv.png\" alt=\"\" class=\"wp-image-213\" srcset=\"https:\/\/iseramat.org\/wp-content\/uploads\/2022\/12\/F6KJJ_RRF_couv.png 800w, https:\/\/iseramat.org\/wp-content\/uploads\/2022\/12\/F6KJJ_RRF_couv-300x167.png 300w, https:\/\/iseramat.org\/wp-content\/uploads\/2022\/12\/F6KJJ_RRF_couv-768x427.png 768w\" sizes=\"auto, (max-width: 800px) 100vw, 800px\" \/><figcaption class=\"wp-element-caption\"><strong>Carte de couverture<\/strong>&nbsp;(simulation&nbsp;<a href=\"https:\/\/www.ve2dbe.com\">www.ve2dbe.com<\/a>&nbsp;)<\/figcaption><\/figure>\n<\/div>\n\n\n<h2 class=\"wp-block-heading\">Lora APRS<\/h2>\n\n\n\n<p>Deux iGate ont \u00e9t\u00e9 mis en place par le radioclub<\/p>\n\n\n\n<ul class=\"wp-block-list\">\n<li>sur le site de F1ZJJ<\/li>\n\n\n\n<li>au radioclub F6KJJ<\/li>\n<\/ul>\n","protected":false},"excerpt":{"rendered":"<p>Relais F1ZJJ Le relais F1ZJJ est provisoirement hors service F1ZJJ&nbsp;relais num\u00e9rique multi-mode Fr\u00e9quence de sortie : 430,0875 Mhz Fr\u00e9quence d&rsquo;entr\u00e9e : 439,4875 Mhz Situation g\u00e9ographique : Saint Jean de Moirans [&hellip;]<\/p>\n","protected":false},"author":2,"featured_media":0,"parent":0,"menu_order":4,"comment_status":"closed","ping_status":"closed","template":"template-fullwidth.php","meta":{"ngg_post_thumbnail":0,"footnotes":""},"class_list":["post-152","page","type-page","status-publish","hentry"],"_links":{"self":[{"href":"https:\/\/iseramat.org\/index.php?rest_route=\/wp\/v2\/pages\/152","targetHints":{"allow":["GET"]}}],"collection":[{"href":"https:\/\/iseramat.org\/index.php?rest_route=\/wp\/v2\/pages"}],"about":[{"href":"https:\/\/iseramat.org\/index.php?rest_route=\/wp\/v2\/types\/page"}],"author":[{"embeddable":true,"href":"https:\/\/iseramat.org\/index.php?rest_route=\/wp\/v2\/users\/2"}],"replies":[{"embeddable":true,"href":"https:\/\/iseramat.org\/index.php?rest_route=%2Fwp%2Fv2%2Fcomments&post=152"}],"version-history":[{"count":22,"href":"https:\/\/iseramat.org\/index.php?rest_route=\/wp\/v2\/pages\/152\/revisions"}],"predecessor-version":[{"id":871,"href":"https:\/\/iseramat.org\/index.php?rest_route=\/wp\/v2\/pages\/152\/revisions\/871"}],"wp:attachment":[{"href":"https:\/\/iseramat.org\/index.php?rest_route=%2Fwp%2Fv2%2Fmedia&parent=152"}],"curies":[{"name":"wp","href":"https:\/\/api.w.org\/{rel}","templated":true}]}}