{"id":479,"date":"2024-08-18T17:48:53","date_gmt":"2024-08-18T15:48:53","guid":{"rendered":"https:\/\/iseramat.org\/?page_id=479"},"modified":"2025-11-08T09:14:23","modified_gmt":"2025-11-08T08:14:23","slug":"actualites-2","status":"publish","type":"page","link":"https:\/\/iseramat.org\/?page_id=479","title":{"rendered":"Actualit\u00e9s"},"content":{"rendered":"\n<p class=\"has-small-font-size\">Cliquer sur le titre de l&rsquo;article pour lire<\/p>\n\n\n<ul class=\"wp-block-latest-posts__list wp-block-latest-posts\"><li><a class=\"wp-block-latest-posts__post-title\" href=\"https:\/\/iseramat.org\/?p=682\">6 mois avec le Quansheng UV-K5, par Fernando F4LNH<\/a><div class=\"wp-block-latest-posts__post-excerpt\">J\u2019ai achet\u00e9 un Qansheng UV-K5 vers No\u00ebl 2023. Un gentil OM du club m\u2019a install\u00e9 le firmware IJV MOD V2.9R5. Cela permet d\u2019acc\u00e9der \u00e0 plus de fonctionnalit\u00e9s, comme par exemple d\u2019\u00e9tendre la couvertrure en RX et TX.Le statut de radioamateur permet de faire de l\u2019exp\u00e9rimentation, mais bien s\u00fbr en restant dans la r\u00e9glementation officielle de\u2026 <a class=\"wp-block-latest-posts__read-more\" href=\"https:\/\/iseramat.org\/?p=682\" rel=\"noopener noreferrer\">Lire la suite<span class=\"screen-reader-text\">\u00a0: 6 mois avec le Quansheng UV-K5, par Fernando F4LNH<\/span><\/a><\/div><\/li>\n<li><a class=\"wp-block-latest-posts__post-title\" href=\"https:\/\/iseramat.org\/?p=537\">Randonn\u00e9e F6KJJ au Charmant-Som<\/a><div class=\"wp-block-latest-posts__post-excerpt\">Samedi 31 ao\u00fbt 2024 a eu lieu, la sortie famille de notre radio club F6KJJ. Notre sortie doit nous conduire au sommet du Charmant-Som en Chartreuse.Le RDV est fix\u00e9 \u00e0 10h15 au Col de Porte pr\u00e8s du parking \u00e0 c\u00f4t\u00e9 du restaurant. Les participants sont bien pr\u00e9sents au RDV et \u00e0 l\u2019heure fix\u00e9e : F5GJJ,\u2026 <a class=\"wp-block-latest-posts__read-more\" href=\"https:\/\/iseramat.org\/?p=537\" rel=\"noopener noreferrer\">Lire la suite<span class=\"screen-reader-text\">\u00a0: Randonn\u00e9e F6KJJ au Charmant-Som<\/span><\/a><\/div><\/li>\n<li><a class=\"wp-block-latest-posts__post-title\" href=\"https:\/\/iseramat.org\/?p=440\">Quelques heures avec le ATS 25 AMP par Fernando F4LNH<\/a><div class=\"wp-block-latest-posts__post-excerpt\">j\u2019ai pu essayer le r\u00e9cepteur SDR ATS 25 AMP pendant quelques soirs. l\u2019ATS est fourni ave une antenne wifi, une antenne telescopique, un cable de recharge usb3, un stylet pour l\u2019\u00e9cran tactile. Je n\u2019ai pas essay\u00e9 le wifi. Je n\u2019ai pas essay\u00e9 de comprendre \u00e0 quoi \u00e7a sert&#8230; Jusqu\u2019\u00e0 pr\u00e9sent, j\u2019ai surtout une exp\u00e9rience de\u2026 <a class=\"wp-block-latest-posts__read-more\" href=\"https:\/\/iseramat.org\/?p=440\" rel=\"noopener noreferrer\">Lire la suite<span class=\"screen-reader-text\">\u00a0: Quelques heures avec le ATS 25 AMP par Fernando F4LNH<\/span><\/a><\/div><\/li>\n<li><a class=\"wp-block-latest-posts__post-title\" href=\"https:\/\/iseramat.org\/?p=287\">Visite du mus\u00e9e ACONIT<\/a><div class=\"wp-block-latest-posts__post-excerpt\">06\/01\/2023 Plusieurs membres de F6KJJ ont visit\u00e9 le mus\u00e9e ACONIT, Association pour un conservatoire de l\u2019informatique et de la t\u00e9l\u00e9matique. ACONIT pr\u00e9serve les mat\u00e9riels depuis la r\u00e8gle \u00e0 calcul jusqu&rsquo;aux ordinateurs de nos jours. Visiter le site ACONIT et la page WIKIPEDIA<\/div><\/li>\n<li><a class=\"wp-block-latest-posts__post-title\" href=\"https:\/\/iseramat.org\/?p=268\">Antenne satellite<\/a><div class=\"wp-block-latest-posts__post-excerpt\">20\/01\/2023 Le rotor resiste &#8230;. 03\/12\/2022 D\u00e9pose du rotor de notre antenne satellite pour un &lsquo;gros&rsquo; entretien et l&rsquo;ajout de but\u00e9es \u00e9lectriques<\/div><\/li>\n<\/ul>\n\n\n<p><\/p>\n","protected":false},"excerpt":{"rendered":"<p>Cliquer sur le titre de l&rsquo;article pour lire<\/p>\n","protected":false},"author":2,"featured_media":0,"parent":0,"menu_order":0,"comment_status":"closed","ping_status":"closed","template":"","meta":{"ngg_post_thumbnail":0,"footnotes":""},"class_list":["post-479","page","type-page","status-publish","hentry"],"_links":{"self":[{"href":"https:\/\/iseramat.org\/index.php?rest_route=\/wp\/v2\/pages\/479","targetHints":{"allow":["GET"]}}],"collection":[{"href":"https:\/\/iseramat.org\/index.php?rest_route=\/wp\/v2\/pages"}],"about":[{"href":"https:\/\/iseramat.org\/index.php?rest_route=\/wp\/v2\/types\/page"}],"author":[{"embeddable":true,"href":"https:\/\/iseramat.org\/index.php?rest_route=\/wp\/v2\/users\/2"}],"replies":[{"embeddable":true,"href":"https:\/\/iseramat.org\/index.php?rest_route=%2Fwp%2Fv2%2Fcomments&post=479"}],"version-history":[{"count":10,"href":"https:\/\/iseramat.org\/index.php?rest_route=\/wp\/v2\/pages\/479\/revisions"}],"predecessor-version":[{"id":954,"href":"https:\/\/iseramat.org\/index.php?rest_route=\/wp\/v2\/pages\/479\/revisions\/954"}],"wp:attachment":[{"href":"https:\/\/iseramat.org\/index.php?rest_route=%2Fwp%2Fv2%2Fmedia&parent=479"}],"curies":[{"name":"wp","href":"https:\/\/api.w.org\/{rel}","templated":true}]}}