{"id":864,"date":"2025-10-12T19:41:15","date_gmt":"2025-10-12T17:41:15","guid":{"rendered":"https:\/\/iseramat.org\/?page_id=864"},"modified":"2026-04-21T21:05:25","modified_gmt":"2026-04-21T19:05:25","slug":"salon-2026","status":"publish","type":"page","link":"https:\/\/iseramat.org\/?page_id=864","title":{"rendered":"Salon 2026"},"content":{"rendered":"\n<h1 class=\"wp-block-heading has-text-color has-link-color has-x-large-font-size wp-elements-4eee6c4c3b7feddb10b18ca5551fd355\" style=\"color:#7c8764\">ISERAMAT 2026, c&rsquo;est le 18 avril \u00e0 Tullins<\/h1>\n\n\n\n<p class=\"has-medium-font-size\" style=\"font-style:normal;font-weight:600\">Le radio club F6KJJ \u00e0 le plaisir de vous accueillir pour sa 34e \u00e9dition du salon <strong>ISERAMAT<\/strong>. Notre salon pour les passionn\u00e9s de radio et \u00e9lectronique en tout genre, trouveront sur place du mat\u00e9riel neuf et d&rsquo;occasion.<\/p>\n\n\n\n<hr class=\"wp-block-separator has-alpha-channel-opacity\"\/>\n\n\n\n<h2 class=\"wp-block-heading\">Pour venir nous voir<\/h2>\n\n\n\n<ul class=\"wp-block-list\">\n<li>Coordonn\u00e9es GPS&nbsp;: 45\u00b018\u201929&Prime;N \u2013 5\u00b029\u201954&Prime;E<\/li>\n\n\n\n<li>Waze : <a href=\"waze:\/\/?ll=45.308147,5.496359&amp;navigate=yes\">waze:\/\/?ll=45.308147,5.496359&amp;navigate=yes<\/a><\/li>\n\n\n\n<li>Maps : <a href=\"https:\/\/maps.app.goo.gl\/w4czdkv7PeT2Tny66\">https:\/\/maps.app.goo.gl\/w4czdkv7PeT2Tny66<\/a><\/li>\n\n\n\n<li>Par la route&nbsp;:\n<ul class=\"wp-block-list\">\n<li>Depuis l\u2019autoroute A49 sortie n\u00b011 Saint Quentin \u2013 Tullins<\/li>\n\n\n\n<li>Depuis les RN 92 et 532<\/li>\n\n\n\n<li>Un fl\u00e9chage est mis en place depuis les entr\u00e9es de la ville jusqu\u2019\u00e0 la salle des f\u00eates<\/li>\n<\/ul>\n<\/li>\n\n\n\n<li>Avec le train\n<ul class=\"wp-block-list\">\n<li>Gare de Tullins \u2013 Fures puis 15 minutes \u00e0 pied<\/li>\n<\/ul>\n<\/li>\n<\/ul>\n\n\n<div class=\"wp-block-image\">\n<figure class=\"aligncenter size-full\"><img loading=\"lazy\" decoding=\"async\" width=\"600\" height=\"395\" src=\"http:\/\/iseramat.org\/wp-content\/uploads\/2022\/12\/planr.png\" alt=\"\" class=\"wp-image-169\" srcset=\"https:\/\/iseramat.org\/wp-content\/uploads\/2022\/12\/planr.png 600w, https:\/\/iseramat.org\/wp-content\/uploads\/2022\/12\/planr-300x198.png 300w\" sizes=\"auto, (max-width: 600px) 100vw, 600px\" \/><\/figure>\n<\/div>\n\n\n<hr class=\"wp-block-separator has-alpha-channel-opacity\"\/>\n\n\n\n<h2 class=\"wp-block-heading\">Horaires<\/h2>\n\n\n\n<div class=\"wp-block-group\"><div class=\"wp-block-group__inner-container is-layout-constrained wp-block-group-is-layout-constrained\">\n<p class=\"has-black-color has-text-color\">Notre salon se d\u00e9roulera de 9h00 \u00e0 18h00<\/p>\n<\/div><\/div>\n\n\n\n<hr class=\"wp-block-separator has-alpha-channel-opacity\"\/>\n\n\n\n<h2 class=\"wp-block-heading\">Tarifs<\/h2>\n\n\n\n<p class=\"has-black-color has-text-color\">Entr\u00e9e : 5\u20ac<br>Gratuit\u00e9 pour les mineurs, les indicativ\u00e9s de l\u2019ann\u00e9e et \u00e0 convenance pour les YL<\/p>\n\n\n\n<hr class=\"wp-block-separator has-alpha-channel-opacity\"\/>\n\n\n\n<h2 class=\"wp-block-heading\">Infos divers<\/h2>\n\n\n\n<ul class=\"wp-block-list\">\n<li>Parking disponible attenant \u00e0 la salle<\/li>\n\n\n\n<li>Restauration et bar sur place\n<ul class=\"wp-block-list\">\n<li>Petit d\u00e9jeuner (croissant caf\u00e9)<\/li>\n\n\n\n<li>Plateau repas (entr\u00e9e, plat, fromage, dessert et boisson)<\/li>\n\n\n\n<li>Saucisse frites<\/li>\n\n\n\n<li>Hot dog<\/li>\n\n\n\n<li>Sandwich<\/li>\n<\/ul>\n<\/li>\n<\/ul>\n","protected":false},"excerpt":{"rendered":"<p>ISERAMAT 2026, c&rsquo;est le 18 avril \u00e0 Tullins Le radio club F6KJJ \u00e0 le plaisir de vous accueillir pour sa 34e \u00e9dition du salon ISERAMAT. Notre salon pour les passionn\u00e9s [&hellip;]<\/p>\n","protected":false},"author":2,"featured_media":0,"parent":0,"menu_order":3,"comment_status":"closed","ping_status":"closed","template":"template-fullwidth.php","meta":{"ngg_post_thumbnail":0,"footnotes":""},"class_list":["post-864","page","type-page","status-publish","hentry"],"_links":{"self":[{"href":"https:\/\/iseramat.org\/index.php?rest_route=\/wp\/v2\/pages\/864","targetHints":{"allow":["GET"]}}],"collection":[{"href":"https:\/\/iseramat.org\/index.php?rest_route=\/wp\/v2\/pages"}],"about":[{"href":"https:\/\/iseramat.org\/index.php?rest_route=\/wp\/v2\/types\/page"}],"author":[{"embeddable":true,"href":"https:\/\/iseramat.org\/index.php?rest_route=\/wp\/v2\/users\/2"}],"replies":[{"embeddable":true,"href":"https:\/\/iseramat.org\/index.php?rest_route=%2Fwp%2Fv2%2Fcomments&post=864"}],"version-history":[{"count":3,"href":"https:\/\/iseramat.org\/index.php?rest_route=\/wp\/v2\/pages\/864\/revisions"}],"predecessor-version":[{"id":983,"href":"https:\/\/iseramat.org\/index.php?rest_route=\/wp\/v2\/pages\/864\/revisions\/983"}],"wp:attachment":[{"href":"https:\/\/iseramat.org\/index.php?rest_route=%2Fwp%2Fv2%2Fmedia&parent=864"}],"curies":[{"name":"wp","href":"https:\/\/api.w.org\/{rel}","templated":true}]}}